{"id":814,"date":"2019-02-13T19:29:29","date_gmt":"2019-02-13T18:29:29","guid":{"rendered":"https:\/\/marinadh.com\/signalisationroutiere\/?page_id=814"},"modified":"2024-06-06T14:50:41","modified_gmt":"2024-06-06T12:50:41","slug":"accueil","status":"publish","type":"page","link":"https:\/\/marinadh.com\/signalisationroutiere\/","title":{"rendered":"Accueil"},"content":{"rendered":"<p>[et_pb_section fb_built=\u00a0\u00bb1&Prime; _builder_version=\u00a0\u00bb4.25.1&Prime; background_image=\u00a0\u00bbhttps:\/\/marinadh.com\/signalisationroutiere\/wp-content\/uploads\/2024\/06\/BG-bw-5.jpg\u00a0\u00bb parallax=\u00a0\u00bbon\u00a0\u00bb max_width_tablet=\u00a0\u00bb\u00a0\u00bb max_width_phone=\u00a0\u00bb\u00a0\u00bb max_width_last_edited=\u00a0\u00bbon|tablet\u00a0\u00bb custom_margin=\u00a0\u00bb0px||0px\u00a0\u00bb custom_padding=\u00a0\u00bb0px||0px\u00a0\u00bb hover_enabled=\u00a0\u00bb0&Prime; custom_css_main_element=\u00a0\u00bbz-index:3; height: 200px;\u00a0\u00bb box_shadow_style=\u00a0\u00bbpreset3&Prime; global_module=\u00a0\u00bb809&Prime; global_colors_info=\u00a0\u00bb{}\u00a0\u00bb title_text=\u00a0\u00bbBG-bw-5&Prime; sticky_enabled=\u00a0\u00bb0&Prime;][et_pb_row _builder_version=\u00a0\u00bb4.16&Prime; global_colors_info=\u00a0\u00bb{}\u00a0\u00bb][et_pb_column type=\u00a0\u00bb4_4&Prime; _builder_version=\u00a0\u00bb4.16&Prime; custom_padding=\u00a0\u00bb|||\u00a0\u00bb global_colors_info=\u00a0\u00bb{}\u00a0\u00bb custom_padding__hover=\u00a0\u00bb|||\u00a0\u00bb][et_pb_blog include_categories=\u00a0\u00bb3&Prime; show_thumbnail=\u00a0\u00bboff\u00a0\u00bb show_content=\u00a0\u00bbon\u00a0\u00bb show_author=\u00a0\u00bboff\u00a0\u00bb show_date=\u00a0\u00bboff\u00a0\u00bb show_categories=\u00a0\u00bboff\u00a0\u00bb show_pagination=\u00a0\u00bboff\u00a0\u00bb _builder_version=\u00a0\u00bb4.25.1&Prime; header_font=\u00a0\u00bb||||||||\u00a0\u00bb body_font=\u00a0\u00bbFira Sans||||||||\u00a0\u00bb body_text_color=\u00a0\u00bb#FFFFFF\u00a0\u00bb body_font_size=\u00a0\u00bb19px\u00a0\u00bb custom_margin=\u00a0\u00bb0px||-45px\u00a0\u00bb custom_padding=\u00a0\u00bb13px||0px\u00a0\u00bb hover_enabled=\u00a0\u00bb0&Prime; body_font_size_tablet=\u00a0\u00bb17px\u00a0\u00bb body_font_size_phone=\u00a0\u00bb14px\u00a0\u00bb body_font_size_last_edited=\u00a0\u00bbon|phone\u00a0\u00bb global_colors_info=\u00a0\u00bb{}\u00a0\u00bb sticky_enabled=\u00a0\u00bb0&Prime;][\/et_pb_blog][\/et_pb_column][\/et_pb_row][\/et_pb_section][et_pb_section fb_built=\u00a0\u00bb1&Prime; _builder_version=\u00a0\u00bb4.16&Prime; background_image=\u00a0\u00bbhttps:\/\/marinadh.com\/signalisationroutiere\/wp-content\/uploads\/2019\/01\/BG-1-2.jpg\u00a0\u00bb custom_margin=\u00a0\u00bb0px||0px\u00a0\u00bb custom_padding=\u00a0\u00bb1px||0px\u00a0\u00bb global_colors_info=\u00a0\u00bb{}\u00a0\u00bb][et_pb_row column_structure=\u00a0\u00bb1_2,1_2&Prime; _builder_version=\u00a0\u00bb4.16&Prime; custom_margin=\u00a0\u00bb43px||0px\u00a0\u00bb custom_padding=\u00a0\u00bb0px||0px\u00a0\u00bb global_colors_info=\u00a0\u00bb{}\u00a0\u00bb][et_pb_column type=\u00a0\u00bb1_2&Prime; _builder_version=\u00a0\u00bb4.16&Prime; custom_padding=\u00a0\u00bb0px|5px|0px|5px\u00a0\u00bb global_colors_info=\u00a0\u00bb{}\u00a0\u00bb custom_padding__hover=\u00a0\u00bb|||\u00a0\u00bb][et_pb_blog include_categories=\u00a0\u00bb4&Prime; show_thumbnail=\u00a0\u00bboff\u00a0\u00bb show_content=\u00a0\u00bbon\u00a0\u00bb show_author=\u00a0\u00bboff\u00a0\u00bb show_date=\u00a0\u00bboff\u00a0\u00bb show_categories=\u00a0\u00bboff\u00a0\u00bb show_pagination=\u00a0\u00bboff\u00a0\u00bb _builder_version=\u00a0\u00bb4.16&Prime; body_font=\u00a0\u00bbCabin||||||||\u00a0\u00bb body_text_color=\u00a0\u00bb#063b70&Prime; body_font_size=\u00a0\u00bb18px\u00a0\u00bb custom_margin=\u00a0\u00bb0px|5px|0px|5px\u00a0\u00bb custom_padding=\u00a0\u00bb0px||0px\u00a0\u00bb global_colors_info=\u00a0\u00bb{}\u00a0\u00bb][\/et_pb_blog][\/et_pb_column][et_pb_column type=\u00a0\u00bb1_2&Prime; _builder_version=\u00a0\u00bb4.16&Prime; custom_padding=\u00a0\u00bb0px||0px|\u00a0\u00bb global_colors_info=\u00a0\u00bb{}\u00a0\u00bb custom_padding__hover=\u00a0\u00bb|||\u00a0\u00bb][et_pb_blog include_categories=\u00a0\u00bb14&Prime; show_thumbnail=\u00a0\u00bboff\u00a0\u00bb show_content=\u00a0\u00bbon\u00a0\u00bb show_author=\u00a0\u00bboff\u00a0\u00bb show_date=\u00a0\u00bboff\u00a0\u00bb show_categories=\u00a0\u00bboff\u00a0\u00bb show_pagination=\u00a0\u00bboff\u00a0\u00bb disabled_on=\u00a0\u00bboff|off|off\u00a0\u00bb _builder_version=\u00a0\u00bb4.16&Prime; header_font=\u00a0\u00bb||||||||\u00a0\u00bb body_font=\u00a0\u00bbCabin||||||||\u00a0\u00bb body_text_color=\u00a0\u00bb#063b70&Prime; body_font_size=\u00a0\u00bb18px\u00a0\u00bb custom_margin=\u00a0\u00bb0px|5px|5px|5px\u00a0\u00bb custom_margin_tablet=\u00a0\u00bb\u00a0\u00bb custom_margin_phone=\u00a0\u00bb-2px||\u00a0\u00bb custom_margin_last_edited=\u00a0\u00bbon|desktop\u00a0\u00bb custom_padding=\u00a0\u00bb0px||\u00a0\u00bb global_colors_info=\u00a0\u00bb{}\u00a0\u00bb][\/et_pb_blog][\/et_pb_column][\/et_pb_row][et_pb_row _builder_version=\u00a0\u00bb4.16&Prime; custom_css_main_element=\u00a0\u00bbtext-align:center;\u00a0\u00bb global_colors_info=\u00a0\u00bb{}\u00a0\u00bb][et_pb_column type=\u00a0\u00bb4_4&Prime; _builder_version=\u00a0\u00bb4.16&Prime; custom_padding=\u00a0\u00bb|||\u00a0\u00bb global_colors_info=\u00a0\u00bb{}\u00a0\u00bb custom_padding__hover=\u00a0\u00bb|||\u00a0\u00bb][et_pb_blog include_categories=\u00a0\u00bb81&Prime; show_thumbnail=\u00a0\u00bboff\u00a0\u00bb show_content=\u00a0\u00bbon\u00a0\u00bb show_author=\u00a0\u00bboff\u00a0\u00bb show_date=\u00a0\u00bboff\u00a0\u00bb show_categories=\u00a0\u00bboff\u00a0\u00bb show_pagination=\u00a0\u00bboff\u00a0\u00bb _builder_version=\u00a0\u00bb4.0.11&Prime; body_font=\u00a0\u00bb||||||||\u00a0\u00bb body_text_align=\u00a0\u00bbcenter\u00a0\u00bb pagination_font=\u00a0\u00bb||||||||\u00a0\u00bb text_orientation=\u00a0\u00bbcenter\u00a0\u00bb custom_css_main_element=\u00a0\u00bbtext-align:center;\u00a0\u00bb global_module=\u00a0\u00bb3809&Prime; saved_tabs=\u00a0\u00bball\u00a0\u00bb global_colors_info=\u00a0\u00bb{}\u00a0\u00bb][\/et_pb_blog][\/et_pb_column][\/et_pb_row][\/et_pb_section]<\/p>\n","protected":false},"excerpt":{"rendered":"","protected":false},"author":1,"featured_media":0,"parent":0,"menu_order":0,"comment_status":"closed","ping_status":"closed","template":"","meta":{"_et_pb_use_builder":"on","_et_pb_old_content":"","_et_gb_content_width":"","ghostkit_customizer_options":"","ghostkit_custom_css":"","ghostkit_custom_js_head":"","ghostkit_custom_js_foot":"","ghostkit_typography":"","footnotes":""},"class_list":["post-814","page","type-page","status-publish","hentry"],"yoast_head":"<!-- This site is optimized with the Yoast SEO plugin v27.4 - https:\/\/yoast.com\/product\/yoast-seo-wordpress\/ -->\n<title>Signalisation Routi\u00e8re - La Pano&#039;mania<\/title>\n<meta name=\"description\" content=\"L\u2019histoire de la signalisation routi\u00e8re comprenant aussi un b\u00eatisier de la route (panneaux amusants), une collection de signaux anciens des photos de voyages et les liens vers les professionnels de la route, l\u2019Administration centrale ainsi que les fabricants de panneaux.\" \/>\n<meta name=\"robots\" content=\"index, follow, max-snippet:-1, max-image-preview:large, max-video-preview:-1\" \/>\n<link rel=\"canonical\" href=\"http:\/\/www.signalisationroutiere.net\" \/>\n<meta property=\"og:locale\" content=\"fr_FR\" \/>\n<meta property=\"og:type\" content=\"article\" \/>\n<meta property=\"og:title\" content=\"La Panomania, tout sur les panneaux de signalisation routi\u00e8re\" \/>\n<meta property=\"og:description\" content=\"L\u2019histoire de la signalisation routi\u00e8re (ouvrages de r\u00e9f\u00e9rences, \u00e9volution de la r\u00e9glementation, des symboles et des techniques), comprenant aussi un b\u00eatisier de la route (panneaux amusants), une collection de signaux anciens (plaques \u00e9maill\u00e9es, panneaux Michelin, Citroen, T.C.F, plaques de cocher etc), des photos de voyages de part le monde (signalisation \u00e9trang\u00e8re insolite) et les liens vers les professionnels de la route, l\u2019Administration centrale ainsi que les fabricants de panneaux.\" \/>\n<meta property=\"og:url\" content=\"http:\/\/www.signalisationroutiere.net\" \/>\n<meta property=\"og:site_name\" content=\"Signalisation Routi\u00e8re\" \/>\n<meta property=\"article:modified_time\" content=\"2024-06-06T12:50:41+00:00\" \/>\n<meta property=\"og:image\" content=\"https:\/\/marinadh.com\/signalisationroutiere\/wp-content\/uploads\/2019\/04\/signalisation-og-images2-2.png\" \/>\n\t<meta property=\"og:image:width\" content=\"1100\" \/>\n\t<meta property=\"og:image:height\" content=\"550\" \/>\n\t<meta property=\"og:image:type\" content=\"image\/png\" \/>\n<meta name=\"twitter:card\" content=\"summary_large_image\" \/>\n<meta name=\"twitter:label1\" content=\"Dur\u00e9e de lecture estim\u00e9e\" \/>\n\t<meta name=\"twitter:data1\" content=\"4 minutes\" \/>\n<script type=\"application\/ld+json\" class=\"yoast-schema-graph\">{\"@context\":\"https:\\\/\\\/schema.org\",\"@graph\":[{\"@type\":\"WebPage\",\"@id\":\"https:\\\/\\\/marinadh.com\\\/signalisationroutiere\\\/\",\"url\":\"http:\\\/\\\/www.signalisationroutiere.net\",\"name\":\"Signalisation Routi\u00e8re - La Pano'mania\",\"isPartOf\":{\"@id\":\"https:\\\/\\\/marinadh.com\\\/signalisationroutiere\\\/#website\"},\"datePublished\":\"2019-02-13T18:29:29+00:00\",\"dateModified\":\"2024-06-06T12:50:41+00:00\",\"description\":\"L\u2019histoire de la signalisation routi\u00e8re comprenant aussi un b\u00eatisier de la route (panneaux amusants), une collection de signaux anciens des photos de voyages et les liens vers les professionnels de la route, l\u2019Administration centrale ainsi que les fabricants de panneaux.\",\"breadcrumb\":{\"@id\":\"http:\\\/\\\/www.signalisationroutiere.net#breadcrumb\"},\"inLanguage\":\"fr-FR\",\"potentialAction\":[{\"@type\":\"ReadAction\",\"target\":[\"http:\\\/\\\/www.signalisationroutiere.net\"]}]},{\"@type\":\"BreadcrumbList\",\"@id\":\"http:\\\/\\\/www.signalisationroutiere.net#breadcrumb\",\"itemListElement\":[{\"@type\":\"ListItem\",\"position\":1,\"name\":\"Accueil\",\"item\":\"https:\\\/\\\/marinadh.com\\\/signalisationroutiere\\\/\"},{\"@type\":\"ListItem\",\"position\":2,\"name\":\"Accueil\"}]},{\"@type\":\"WebSite\",\"@id\":\"https:\\\/\\\/marinadh.com\\\/signalisationroutiere\\\/#website\",\"url\":\"https:\\\/\\\/marinadh.com\\\/signalisationroutiere\\\/\",\"name\":\"Signalisation Routi\u00e8re\",\"description\":\"Histoire des panneaux de signalisation routi\u00e8re, b\u00eatisier, collection et photos de voyage insolites\",\"publisher\":{\"@id\":\"https:\\\/\\\/marinadh.com\\\/signalisationroutiere\\\/#organization\"},\"potentialAction\":[{\"@type\":\"SearchAction\",\"target\":{\"@type\":\"EntryPoint\",\"urlTemplate\":\"https:\\\/\\\/marinadh.com\\\/signalisationroutiere\\\/?s={search_term_string}\"},\"query-input\":{\"@type\":\"PropertyValueSpecification\",\"valueRequired\":true,\"valueName\":\"search_term_string\"}}],\"inLanguage\":\"fr-FR\"},{\"@type\":\"Organization\",\"@id\":\"https:\\\/\\\/marinadh.com\\\/signalisationroutiere\\\/#organization\",\"name\":\"Signalisation Routi\u00e8re - La Pano'mania\",\"url\":\"https:\\\/\\\/marinadh.com\\\/signalisationroutiere\\\/\",\"logo\":{\"@type\":\"ImageObject\",\"inLanguage\":\"fr-FR\",\"@id\":\"https:\\\/\\\/marinadh.com\\\/signalisationroutiere\\\/#\\\/schema\\\/logo\\\/image\\\/\",\"url\":\"http:\\\/\\\/marina-signe-nov-23.local\\\/wp-content\\\/uploads\\\/2019\\\/04\\\/signalisation-og-images2-2.png\",\"contentUrl\":\"http:\\\/\\\/marina-signe-nov-23.local\\\/wp-content\\\/uploads\\\/2019\\\/04\\\/signalisation-og-images2-2.png\",\"width\":1100,\"height\":550,\"caption\":\"Signalisation Routi\u00e8re - La Pano'mania\"},\"image\":{\"@id\":\"https:\\\/\\\/marinadh.com\\\/signalisationroutiere\\\/#\\\/schema\\\/logo\\\/image\\\/\"}}]}<\/script>\n<!-- \/ Yoast SEO plugin. -->","yoast_head_json":{"title":"Signalisation Routi\u00e8re - La Pano'mania","description":"L\u2019histoire de la signalisation routi\u00e8re comprenant aussi un b\u00eatisier de la route (panneaux amusants), une collection de signaux anciens des photos de voyages et les liens vers les professionnels de la route, l\u2019Administration centrale ainsi que les fabricants de panneaux.","robots":{"index":"index","follow":"follow","max-snippet":"max-snippet:-1","max-image-preview":"max-image-preview:large","max-video-preview":"max-video-preview:-1"},"canonical":"http:\/\/www.signalisationroutiere.net","og_locale":"fr_FR","og_type":"article","og_title":"La Panomania, tout sur les panneaux de signalisation routi\u00e8re","og_description":"L\u2019histoire de la signalisation routi\u00e8re (ouvrages de r\u00e9f\u00e9rences, \u00e9volution de la r\u00e9glementation, des symboles et des techniques), comprenant aussi un b\u00eatisier de la route (panneaux amusants), une collection de signaux anciens (plaques \u00e9maill\u00e9es, panneaux Michelin, Citroen, T.C.F, plaques de cocher etc), des photos de voyages de part le monde (signalisation \u00e9trang\u00e8re insolite) et les liens vers les professionnels de la route, l\u2019Administration centrale ainsi que les fabricants de panneaux.","og_url":"http:\/\/www.signalisationroutiere.net","og_site_name":"Signalisation Routi\u00e8re","article_modified_time":"2024-06-06T12:50:41+00:00","og_image":[{"width":1100,"height":550,"url":"https:\/\/marinadh.com\/signalisationroutiere\/wp-content\/uploads\/2019\/04\/signalisation-og-images2-2.png","type":"image\/png"}],"twitter_card":"summary_large_image","twitter_misc":{"Dur\u00e9e de lecture estim\u00e9e":"4 minutes"},"schema":{"@context":"https:\/\/schema.org","@graph":[{"@type":"WebPage","@id":"https:\/\/marinadh.com\/signalisationroutiere\/","url":"http:\/\/www.signalisationroutiere.net","name":"Signalisation Routi\u00e8re - La Pano'mania","isPartOf":{"@id":"https:\/\/marinadh.com\/signalisationroutiere\/#website"},"datePublished":"2019-02-13T18:29:29+00:00","dateModified":"2024-06-06T12:50:41+00:00","description":"L\u2019histoire de la signalisation routi\u00e8re comprenant aussi un b\u00eatisier de la route (panneaux amusants), une collection de signaux anciens des photos de voyages et les liens vers les professionnels de la route, l\u2019Administration centrale ainsi que les fabricants de panneaux.","breadcrumb":{"@id":"http:\/\/www.signalisationroutiere.net#breadcrumb"},"inLanguage":"fr-FR","potentialAction":[{"@type":"ReadAction","target":["http:\/\/www.signalisationroutiere.net"]}]},{"@type":"BreadcrumbList","@id":"http:\/\/www.signalisationroutiere.net#breadcrumb","itemListElement":[{"@type":"ListItem","position":1,"name":"Accueil","item":"https:\/\/marinadh.com\/signalisationroutiere\/"},{"@type":"ListItem","position":2,"name":"Accueil"}]},{"@type":"WebSite","@id":"https:\/\/marinadh.com\/signalisationroutiere\/#website","url":"https:\/\/marinadh.com\/signalisationroutiere\/","name":"Signalisation Routi\u00e8re","description":"Histoire des panneaux de signalisation routi\u00e8re, b\u00eatisier, collection et photos de voyage insolites","publisher":{"@id":"https:\/\/marinadh.com\/signalisationroutiere\/#organization"},"potentialAction":[{"@type":"SearchAction","target":{"@type":"EntryPoint","urlTemplate":"https:\/\/marinadh.com\/signalisationroutiere\/?s={search_term_string}"},"query-input":{"@type":"PropertyValueSpecification","valueRequired":true,"valueName":"search_term_string"}}],"inLanguage":"fr-FR"},{"@type":"Organization","@id":"https:\/\/marinadh.com\/signalisationroutiere\/#organization","name":"Signalisation Routi\u00e8re - La Pano'mania","url":"https:\/\/marinadh.com\/signalisationroutiere\/","logo":{"@type":"ImageObject","inLanguage":"fr-FR","@id":"https:\/\/marinadh.com\/signalisationroutiere\/#\/schema\/logo\/image\/","url":"http:\/\/marina-signe-nov-23.local\/wp-content\/uploads\/2019\/04\/signalisation-og-images2-2.png","contentUrl":"http:\/\/marina-signe-nov-23.local\/wp-content\/uploads\/2019\/04\/signalisation-og-images2-2.png","width":1100,"height":550,"caption":"Signalisation Routi\u00e8re - La Pano'mania"},"image":{"@id":"https:\/\/marinadh.com\/signalisationroutiere\/#\/schema\/logo\/image\/"}}]}},"_links":{"self":[{"href":"https:\/\/marinadh.com\/signalisationroutiere\/wp-json\/wp\/v2\/pages\/814","targetHints":{"allow":["GET"]}}],"collection":[{"href":"https:\/\/marinadh.com\/signalisationroutiere\/wp-json\/wp\/v2\/pages"}],"about":[{"href":"https:\/\/marinadh.com\/signalisationroutiere\/wp-json\/wp\/v2\/types\/page"}],"author":[{"embeddable":true,"href":"https:\/\/marinadh.com\/signalisationroutiere\/wp-json\/wp\/v2\/users\/1"}],"replies":[{"embeddable":true,"href":"https:\/\/marinadh.com\/signalisationroutiere\/wp-json\/wp\/v2\/comments?post=814"}],"version-history":[{"count":9,"href":"https:\/\/marinadh.com\/signalisationroutiere\/wp-json\/wp\/v2\/pages\/814\/revisions"}],"predecessor-version":[{"id":4703,"href":"https:\/\/marinadh.com\/signalisationroutiere\/wp-json\/wp\/v2\/pages\/814\/revisions\/4703"}],"wp:attachment":[{"href":"https:\/\/marinadh.com\/signalisationroutiere\/wp-json\/wp\/v2\/media?parent=814"}],"curies":[{"name":"wp","href":"https:\/\/api.w.org\/{rel}","templated":true}]}}