{"id":825,"date":"2019-02-13T19:40:18","date_gmt":"2019-02-13T18:40:18","guid":{"rendered":"https:\/\/marinadh.com\/signalisationroutiere\/?page_id=825"},"modified":"2024-06-06T15:04:18","modified_gmt":"2024-06-06T13:04:18","slug":"contacts-2","status":"publish","type":"page","link":"https:\/\/marinadh.com\/signalisationroutiere\/contacts-2\/","title":{"rendered":"Contacts"},"content":{"rendered":"<p>[et_pb_section fb_built=\u00a0\u00bb1&Prime; _builder_version=\u00a0\u00bb4.16&Prime; background_image=\u00a0\u00bbhttps:\/\/marinadh.com\/signalisationroutiere\/wp-content\/uploads\/2019\/01\/BG-1-2.jpg\u00a0\u00bb custom_margin=\u00a0\u00bb0px||0px\u00a0\u00bb custom_padding=\u00a0\u00bb1px||0px\u00a0\u00bb global_colors_info=\u00a0\u00bb{}\u00a0\u00bb][et_pb_row column_structure=\u00a0\u00bb1_2,1_2&Prime; _builder_version=\u00a0\u00bb4.16&Prime; custom_margin=\u00a0\u00bb|||\u00a0\u00bb custom_padding=\u00a0\u00bb|5px||5px\u00a0\u00bb global_colors_info=\u00a0\u00bb{}\u00a0\u00bb][et_pb_column type=\u00a0\u00bb1_2&Prime; _builder_version=\u00a0\u00bb4.16&Prime; custom_padding=\u00a0\u00bb|||\u00a0\u00bb global_colors_info=\u00a0\u00bb{}\u00a0\u00bb custom_padding__hover=\u00a0\u00bb|||\u00a0\u00bb][et_pb_text _builder_version=\u00a0\u00bb4.16&Prime; text_font=\u00a0\u00bbCabin||||||||\u00a0\u00bb text_text_color=\u00a0\u00bb#062f68&Prime; global_colors_info=\u00a0\u00bb{}\u00a0\u00bb]<\/p>\n<p style=\"text-align: center;\">Marina DH<br \/> Plasticienne<br \/> Atelier \u2013 Galerie : 4 rue du Port<br \/> 01600 Tr\u00e9voux \u2013 France<br \/> T\u00e9l : 06 80 00 61 88<\/p>\n<p style=\"text-align: center;\"><a href=\"mailto:marina.duhamel@orange.fr\">marina.duhamel@orange.fr<\/a><\/p>\n<p style=\"text-align: center;\">ou via le formulaire ci dessous, merci :<\/p>\n<p>[\/et_pb_text][et_pb_contact_form use_spam_service=\u00a0\u00bbon\u00a0\u00bb recaptcha_list=\u00a0\u00bbsignalisation routi\u00e8re-0&Prime; recaptcha_min_score=\u00a0\u00bb1&Prime; email=\u00a0\u00bbmarina.duhamel@orange.fr\u00a0\u00bb custom_message=\u00a0\u00bbContact formulaire Marina DH||et_pb_line_break_holder||||et_pb_line_break_holder||Nom : %%Nom%%||et_pb_line_break_holder||||et_pb_line_break_holder||Email : %%Email%%||et_pb_line_break_holder||||et_pb_line_break_holder||Message : %%Message%%\u00a0\u00bb success_message=\u00a0\u00bbMerci de m&rsquo;avoir contact\u00e9e\u00a0\u00bb _builder_version=\u00a0\u00bb4.16&Prime; _unique_id=\u00a0\u00bb8ad3fefe-3404-4dd8-8a2e-ef109f6f60d1&Prime; form_field_background_color=\u00a0\u00bb#fcf9a6&Prime; title_font=\u00a0\u00bbCabin||||||||\u00a0\u00bb form_field_font=\u00a0\u00bbCabin||||||||\u00a0\u00bb custom_button=\u00a0\u00bbon\u00a0\u00bb button_text_size=\u00a0\u00bb16px\u00a0\u00bb button_text_color=\u00a0\u00bb#FFFFFF\u00a0\u00bb button_bg_color=\u00a0\u00bb#000000&Prime; button_border_radius=\u00a0\u00bb11px\u00a0\u00bb button_font=\u00a0\u00bbABeeZee||||||||\u00a0\u00bb custom_margin=\u00a0\u00bb2px||\u00a0\u00bb custom_padding=\u00a0\u00bb6px||\u00a0\u00bb form_background_color=\u00a0\u00bb#fcf9a6&Prime; global_colors_info=\u00a0\u00bb{}\u00a0\u00bb][et_pb_contact_field field_id=\u00a0\u00bbName\u00a0\u00bb field_title=\u00a0\u00bbNom\u00a0\u00bb _builder_version=\u00a0\u00bb4.16&Prime; global_colors_info=\u00a0\u00bb{}\u00a0\u00bb button_text_size__hover_enabled=\u00a0\u00bboff\u00a0\u00bb button_one_text_size__hover_enabled=\u00a0\u00bboff\u00a0\u00bb button_two_text_size__hover_enabled=\u00a0\u00bboff\u00a0\u00bb button_text_color__hover_enabled=\u00a0\u00bboff\u00a0\u00bb button_one_text_color__hover_enabled=\u00a0\u00bboff\u00a0\u00bb button_two_text_color__hover_enabled=\u00a0\u00bboff\u00a0\u00bb button_border_width__hover_enabled=\u00a0\u00bboff\u00a0\u00bb button_one_border_width__hover_enabled=\u00a0\u00bboff\u00a0\u00bb button_two_border_width__hover_enabled=\u00a0\u00bboff\u00a0\u00bb button_border_color__hover_enabled=\u00a0\u00bboff\u00a0\u00bb button_one_border_color__hover_enabled=\u00a0\u00bboff\u00a0\u00bb button_two_border_color__hover_enabled=\u00a0\u00bboff\u00a0\u00bb button_border_radius__hover_enabled=\u00a0\u00bboff\u00a0\u00bb button_one_border_radius__hover_enabled=\u00a0\u00bboff\u00a0\u00bb button_two_border_radius__hover_enabled=\u00a0\u00bboff\u00a0\u00bb button_letter_spacing__hover_enabled=\u00a0\u00bboff\u00a0\u00bb button_one_letter_spacing__hover_enabled=\u00a0\u00bboff\u00a0\u00bb button_two_letter_spacing__hover_enabled=\u00a0\u00bboff\u00a0\u00bb button_bg_color__hover_enabled=\u00a0\u00bboff\u00a0\u00bb button_one_bg_color__hover_enabled=\u00a0\u00bboff\u00a0\u00bb button_two_bg_color__hover_enabled=\u00a0\u00bboff\u00a0\u00bb][\/et_pb_contact_field][et_pb_contact_field field_id=\u00a0\u00bbEmail\u00a0\u00bb field_title=\u00a0\u00bbAdresse e-mail\u00a0\u00bb field_type=\u00a0\u00bbemail\u00a0\u00bb _builder_version=\u00a0\u00bb4.16&Prime; global_colors_info=\u00a0\u00bb{}\u00a0\u00bb button_text_size__hover_enabled=\u00a0\u00bboff\u00a0\u00bb button_one_text_size__hover_enabled=\u00a0\u00bboff\u00a0\u00bb button_two_text_size__hover_enabled=\u00a0\u00bboff\u00a0\u00bb button_text_color__hover_enabled=\u00a0\u00bboff\u00a0\u00bb button_one_text_color__hover_enabled=\u00a0\u00bboff\u00a0\u00bb button_two_text_color__hover_enabled=\u00a0\u00bboff\u00a0\u00bb button_border_width__hover_enabled=\u00a0\u00bboff\u00a0\u00bb button_one_border_width__hover_enabled=\u00a0\u00bboff\u00a0\u00bb button_two_border_width__hover_enabled=\u00a0\u00bboff\u00a0\u00bb button_border_color__hover_enabled=\u00a0\u00bboff\u00a0\u00bb button_one_border_color__hover_enabled=\u00a0\u00bboff\u00a0\u00bb button_two_border_color__hover_enabled=\u00a0\u00bboff\u00a0\u00bb button_border_radius__hover_enabled=\u00a0\u00bboff\u00a0\u00bb button_one_border_radius__hover_enabled=\u00a0\u00bboff\u00a0\u00bb button_two_border_radius__hover_enabled=\u00a0\u00bboff\u00a0\u00bb button_letter_spacing__hover_enabled=\u00a0\u00bboff\u00a0\u00bb button_one_letter_spacing__hover_enabled=\u00a0\u00bboff\u00a0\u00bb button_two_letter_spacing__hover_enabled=\u00a0\u00bboff\u00a0\u00bb button_bg_color__hover_enabled=\u00a0\u00bboff\u00a0\u00bb button_one_bg_color__hover_enabled=\u00a0\u00bboff\u00a0\u00bb button_two_bg_color__hover_enabled=\u00a0\u00bboff\u00a0\u00bb][\/et_pb_contact_field][et_pb_contact_field field_id=\u00a0\u00bbMessage\u00a0\u00bb field_title=\u00a0\u00bbMessage\u00a0\u00bb field_type=\u00a0\u00bbtext\u00a0\u00bb fullwidth_field=\u00a0\u00bbon\u00a0\u00bb _builder_version=\u00a0\u00bb4.16&Prime; global_colors_info=\u00a0\u00bb{}\u00a0\u00bb button_text_size__hover_enabled=\u00a0\u00bboff\u00a0\u00bb button_one_text_size__hover_enabled=\u00a0\u00bboff\u00a0\u00bb button_two_text_size__hover_enabled=\u00a0\u00bboff\u00a0\u00bb button_text_color__hover_enabled=\u00a0\u00bboff\u00a0\u00bb button_one_text_color__hover_enabled=\u00a0\u00bboff\u00a0\u00bb button_two_text_color__hover_enabled=\u00a0\u00bboff\u00a0\u00bb button_border_width__hover_enabled=\u00a0\u00bboff\u00a0\u00bb button_one_border_width__hover_enabled=\u00a0\u00bboff\u00a0\u00bb button_two_border_width__hover_enabled=\u00a0\u00bboff\u00a0\u00bb button_border_color__hover_enabled=\u00a0\u00bboff\u00a0\u00bb button_one_border_color__hover_enabled=\u00a0\u00bboff\u00a0\u00bb button_two_border_color__hover_enabled=\u00a0\u00bboff\u00a0\u00bb button_border_radius__hover_enabled=\u00a0\u00bboff\u00a0\u00bb button_one_border_radius__hover_enabled=\u00a0\u00bboff\u00a0\u00bb button_two_border_radius__hover_enabled=\u00a0\u00bboff\u00a0\u00bb button_letter_spacing__hover_enabled=\u00a0\u00bboff\u00a0\u00bb button_one_letter_spacing__hover_enabled=\u00a0\u00bboff\u00a0\u00bb button_two_letter_spacing__hover_enabled=\u00a0\u00bboff\u00a0\u00bb button_bg_color__hover_enabled=\u00a0\u00bboff\u00a0\u00bb button_one_bg_color__hover_enabled=\u00a0\u00bboff\u00a0\u00bb button_two_bg_color__hover_enabled=\u00a0\u00bboff\u00a0\u00bb][\/et_pb_contact_field][\/et_pb_contact_form][\/et_pb_column][et_pb_column type=\u00a0\u00bb1_2&Prime; _builder_version=\u00a0\u00bb4.16&Prime; custom_padding=\u00a0\u00bb|||\u00a0\u00bb global_colors_info=\u00a0\u00bb{}\u00a0\u00bb custom_padding__hover=\u00a0\u00bb|||\u00a0\u00bb][et_pb_code _builder_version=\u00a0\u00bb4.16&Prime; global_colors_info=\u00a0\u00bb{}\u00a0\u00bb]<iframe loading=\"lazy\" src=\"https:\/\/my.sendinblue.com\/users\/subscribe\/js_id\/308mq\/id\/1\" scrolling=\"auto\" allowfullscreen=\"\" style=\"display: block;margin-left: auto;margin-right: auto;max-width: 100%;\" width=\"350\" height=\"455\" frameborder=\"0\"><\/iframe>[\/et_pb_code][\/et_pb_column][\/et_pb_row][et_pb_row _builder_version=\u00a0\u00bb4.16&Prime; global_colors_info=\u00a0\u00bb{}\u00a0\u00bb][et_pb_column type=\u00a0\u00bb4_4&Prime; _builder_version=\u00a0\u00bb4.16&Prime; custom_padding=\u00a0\u00bb|||\u00a0\u00bb global_colors_info=\u00a0\u00bb{}\u00a0\u00bb custom_padding__hover=\u00a0\u00bb|||\u00a0\u00bb][et_pb_blog include_categories=\u00a0\u00bb72&Prime; show_thumbnail=\u00a0\u00bboff\u00a0\u00bb show_content=\u00a0\u00bbon\u00a0\u00bb show_author=\u00a0\u00bboff\u00a0\u00bb show_date=\u00a0\u00bboff\u00a0\u00bb show_categories=\u00a0\u00bboff\u00a0\u00bb show_pagination=\u00a0\u00bboff\u00a0\u00bb _builder_version=\u00a0\u00bb4.16&Prime; body_font=\u00a0\u00bbCabin||||||||\u00a0\u00bb body_text_color=\u00a0\u00bb#062f68&Prime; meta_font=\u00a0\u00bb||||||||\u00a0\u00bb read_more_font=\u00a0\u00bb||||||||\u00a0\u00bb body_link_font=\u00a0\u00bb||||on|||#062f68|solid\u00a0\u00bb body_link_text_align=\u00a0\u00bbcenter\u00a0\u00bb body_link_text_color=\u00a0\u00bb#062f68&Prime; text_orientation=\u00a0\u00bbcenter\u00a0\u00bb global_colors_info=\u00a0\u00bb{}\u00a0\u00bb][\/et_pb_blog][\/et_pb_column][\/et_pb_row][\/et_pb_section]<\/p>\n","protected":false},"excerpt":{"rendered":"<p>Marina DH Plasticienne Atelier \u2013 Galerie : 4 rue du Port 01600 Tr\u00e9voux \u2013 France T\u00e9l : 06 80 00 61 88 marina.duhamel@orange.fr ou via le formulaire ci dessous, merci :<\/p>\n","protected":false},"author":1,"featured_media":0,"parent":0,"menu_order":0,"comment_status":"closed","ping_status":"closed","template":"","meta":{"_et_pb_use_builder":"on","_et_pb_old_content":"","_et_gb_content_width":"","ghostkit_customizer_options":"","ghostkit_custom_css":"","ghostkit_custom_js_head":"","ghostkit_custom_js_foot":"","ghostkit_typography":"","footnotes":""},"class_list":["post-825","page","type-page","status-publish","hentry"],"yoast_head":"<!-- This site is optimized with the Yoast SEO plugin v27.1.1 - https:\/\/yoast.com\/product\/yoast-seo-wordpress\/ -->\n<title>Contacts - Signalisation Routi\u00e8re<\/title>\n<meta name=\"description\" content=\"L\u2019histoire de la signalisation routi\u00e8re (ouvrages de r\u00e9f\u00e9rences, \u00e9volution de la r\u00e9glementation, des symboles et des techniques), comprenant aussi un b\u00eatisier de la route (panneaux amusants), une collection de signaux anciens (plaques \u00e9maill\u00e9es, panneaux Michelin, Citroen, T.C.F, plaques de cocher etc), des photos de voyages de part le monde (signalisation \u00e9trang\u00e8re insolite) et les liens vers les professionnels de la route, l\u2019Administration centrale ainsi que les fabricants de panneaux.\" \/>\n<meta name=\"robots\" content=\"index, follow, max-snippet:-1, max-image-preview:large, max-video-preview:-1\" \/>\n<link rel=\"canonical\" href=\"https:\/\/marinadh.com\/signalisationroutiere\/contacts-2\/\" \/>\n<meta property=\"og:locale\" content=\"fr_FR\" \/>\n<meta property=\"og:type\" content=\"article\" \/>\n<meta property=\"og:title\" content=\"Contacts - Signalisation Routi\u00e8re\" \/>\n<meta property=\"og:description\" content=\"L\u2019histoire de la signalisation routi\u00e8re (ouvrages de r\u00e9f\u00e9rences, \u00e9volution de la r\u00e9glementation, des symboles et des techniques), comprenant aussi un b\u00eatisier de la route (panneaux amusants), une collection de signaux anciens (plaques \u00e9maill\u00e9es, panneaux Michelin, Citroen, T.C.F, plaques de cocher etc), des photos de voyages de part le monde (signalisation \u00e9trang\u00e8re insolite) et les liens vers les professionnels de la route, l\u2019Administration centrale ainsi que les fabricants de panneaux.\" \/>\n<meta property=\"og:url\" content=\"https:\/\/marinadh.com\/signalisationroutiere\/contacts-2\/\" \/>\n<meta property=\"og:site_name\" content=\"Signalisation Routi\u00e8re\" \/>\n<meta property=\"article:modified_time\" content=\"2024-06-06T13:04:18+00:00\" \/>\n<meta name=\"twitter:card\" content=\"summary_large_image\" \/>\n<meta name=\"twitter:label1\" content=\"Dur\u00e9e de lecture estim\u00e9e\" \/>\n\t<meta name=\"twitter:data1\" content=\"1 minute\" \/>\n<script type=\"application\/ld+json\" class=\"yoast-schema-graph\">{\"@context\":\"https:\/\/schema.org\",\"@graph\":[{\"@type\":\"WebPage\",\"@id\":\"https:\/\/marinadh.com\/signalisationroutiere\/contacts-2\/\",\"url\":\"https:\/\/marinadh.com\/signalisationroutiere\/contacts-2\/\",\"name\":\"Contacts - Signalisation Routi\u00e8re\",\"isPartOf\":{\"@id\":\"https:\/\/marinadh.com\/signalisationroutiere\/#website\"},\"datePublished\":\"2019-02-13T18:40:18+00:00\",\"dateModified\":\"2024-06-06T13:04:18+00:00\",\"description\":\"L\u2019histoire de la signalisation routi\u00e8re (ouvrages de r\u00e9f\u00e9rences, \u00e9volution de la r\u00e9glementation, des symboles et des techniques), comprenant aussi un b\u00eatisier de la route (panneaux amusants), une collection de signaux anciens (plaques \u00e9maill\u00e9es, panneaux Michelin, Citroen, T.C.F, plaques de cocher etc), des photos de voyages de part le monde (signalisation \u00e9trang\u00e8re insolite) et les liens vers les professionnels de la route, l\u2019Administration centrale ainsi que les fabricants de panneaux.\",\"breadcrumb\":{\"@id\":\"https:\/\/marinadh.com\/signalisationroutiere\/contacts-2\/#breadcrumb\"},\"inLanguage\":\"fr-FR\",\"potentialAction\":[{\"@type\":\"ReadAction\",\"target\":[\"https:\/\/marinadh.com\/signalisationroutiere\/contacts-2\/\"]}]},{\"@type\":\"BreadcrumbList\",\"@id\":\"https:\/\/marinadh.com\/signalisationroutiere\/contacts-2\/#breadcrumb\",\"itemListElement\":[{\"@type\":\"ListItem\",\"position\":1,\"name\":\"Accueil\",\"item\":\"https:\/\/marinadh.com\/signalisationroutiere\/\"},{\"@type\":\"ListItem\",\"position\":2,\"name\":\"Contacts\"}]},{\"@type\":\"WebSite\",\"@id\":\"https:\/\/marinadh.com\/signalisationroutiere\/#website\",\"url\":\"https:\/\/marinadh.com\/signalisationroutiere\/\",\"name\":\"Signalisation Routi\u00e8re\",\"description\":\"Histoire des panneaux de signalisation routi\u00e8re, b\u00eatisier, collection et photos de voyage insolites\",\"publisher\":{\"@id\":\"https:\/\/marinadh.com\/signalisationroutiere\/#organization\"},\"potentialAction\":[{\"@type\":\"SearchAction\",\"target\":{\"@type\":\"EntryPoint\",\"urlTemplate\":\"https:\/\/marinadh.com\/signalisationroutiere\/?s={search_term_string}\"},\"query-input\":{\"@type\":\"PropertyValueSpecification\",\"valueRequired\":true,\"valueName\":\"search_term_string\"}}],\"inLanguage\":\"fr-FR\"},{\"@type\":\"Organization\",\"@id\":\"https:\/\/marinadh.com\/signalisationroutiere\/#organization\",\"name\":\"Signalisation Routi\u00e8re - La Pano'mania\",\"url\":\"https:\/\/marinadh.com\/signalisationroutiere\/\",\"logo\":{\"@type\":\"ImageObject\",\"inLanguage\":\"fr-FR\",\"@id\":\"https:\/\/marinadh.com\/signalisationroutiere\/#\/schema\/logo\/image\/\",\"url\":\"http:\/\/marina-signe-nov-23.local\/wp-content\/uploads\/2019\/04\/signalisation-og-images2-2.png\",\"contentUrl\":\"http:\/\/marina-signe-nov-23.local\/wp-content\/uploads\/2019\/04\/signalisation-og-images2-2.png\",\"width\":1100,\"height\":550,\"caption\":\"Signalisation Routi\u00e8re - La Pano'mania\"},\"image\":{\"@id\":\"https:\/\/marinadh.com\/signalisationroutiere\/#\/schema\/logo\/image\/\"}}]}<\/script>\n<!-- \/ Yoast SEO plugin. -->","yoast_head_json":{"title":"Contacts - Signalisation Routi\u00e8re","description":"L\u2019histoire de la signalisation routi\u00e8re (ouvrages de r\u00e9f\u00e9rences, \u00e9volution de la r\u00e9glementation, des symboles et des techniques), comprenant aussi un b\u00eatisier de la route (panneaux amusants), une collection de signaux anciens (plaques \u00e9maill\u00e9es, panneaux Michelin, Citroen, T.C.F, plaques de cocher etc), des photos de voyages de part le monde (signalisation \u00e9trang\u00e8re insolite) et les liens vers les professionnels de la route, l\u2019Administration centrale ainsi que les fabricants de panneaux.","robots":{"index":"index","follow":"follow","max-snippet":"max-snippet:-1","max-image-preview":"max-image-preview:large","max-video-preview":"max-video-preview:-1"},"canonical":"https:\/\/marinadh.com\/signalisationroutiere\/contacts-2\/","og_locale":"fr_FR","og_type":"article","og_title":"Contacts - Signalisation Routi\u00e8re","og_description":"L\u2019histoire de la signalisation routi\u00e8re (ouvrages de r\u00e9f\u00e9rences, \u00e9volution de la r\u00e9glementation, des symboles et des techniques), comprenant aussi un b\u00eatisier de la route (panneaux amusants), une collection de signaux anciens (plaques \u00e9maill\u00e9es, panneaux Michelin, Citroen, T.C.F, plaques de cocher etc), des photos de voyages de part le monde (signalisation \u00e9trang\u00e8re insolite) et les liens vers les professionnels de la route, l\u2019Administration centrale ainsi que les fabricants de panneaux.","og_url":"https:\/\/marinadh.com\/signalisationroutiere\/contacts-2\/","og_site_name":"Signalisation Routi\u00e8re","article_modified_time":"2024-06-06T13:04:18+00:00","twitter_card":"summary_large_image","twitter_misc":{"Dur\u00e9e de lecture estim\u00e9e":"1 minute"},"schema":{"@context":"https:\/\/schema.org","@graph":[{"@type":"WebPage","@id":"https:\/\/marinadh.com\/signalisationroutiere\/contacts-2\/","url":"https:\/\/marinadh.com\/signalisationroutiere\/contacts-2\/","name":"Contacts - Signalisation Routi\u00e8re","isPartOf":{"@id":"https:\/\/marinadh.com\/signalisationroutiere\/#website"},"datePublished":"2019-02-13T18:40:18+00:00","dateModified":"2024-06-06T13:04:18+00:00","description":"L\u2019histoire de la signalisation routi\u00e8re (ouvrages de r\u00e9f\u00e9rences, \u00e9volution de la r\u00e9glementation, des symboles et des techniques), comprenant aussi un b\u00eatisier de la route (panneaux amusants), une collection de signaux anciens (plaques \u00e9maill\u00e9es, panneaux Michelin, Citroen, T.C.F, plaques de cocher etc), des photos de voyages de part le monde (signalisation \u00e9trang\u00e8re insolite) et les liens vers les professionnels de la route, l\u2019Administration centrale ainsi que les fabricants de panneaux.","breadcrumb":{"@id":"https:\/\/marinadh.com\/signalisationroutiere\/contacts-2\/#breadcrumb"},"inLanguage":"fr-FR","potentialAction":[{"@type":"ReadAction","target":["https:\/\/marinadh.com\/signalisationroutiere\/contacts-2\/"]}]},{"@type":"BreadcrumbList","@id":"https:\/\/marinadh.com\/signalisationroutiere\/contacts-2\/#breadcrumb","itemListElement":[{"@type":"ListItem","position":1,"name":"Accueil","item":"https:\/\/marinadh.com\/signalisationroutiere\/"},{"@type":"ListItem","position":2,"name":"Contacts"}]},{"@type":"WebSite","@id":"https:\/\/marinadh.com\/signalisationroutiere\/#website","url":"https:\/\/marinadh.com\/signalisationroutiere\/","name":"Signalisation Routi\u00e8re","description":"Histoire des panneaux de signalisation routi\u00e8re, b\u00eatisier, collection et photos de voyage insolites","publisher":{"@id":"https:\/\/marinadh.com\/signalisationroutiere\/#organization"},"potentialAction":[{"@type":"SearchAction","target":{"@type":"EntryPoint","urlTemplate":"https:\/\/marinadh.com\/signalisationroutiere\/?s={search_term_string}"},"query-input":{"@type":"PropertyValueSpecification","valueRequired":true,"valueName":"search_term_string"}}],"inLanguage":"fr-FR"},{"@type":"Organization","@id":"https:\/\/marinadh.com\/signalisationroutiere\/#organization","name":"Signalisation Routi\u00e8re - La Pano'mania","url":"https:\/\/marinadh.com\/signalisationroutiere\/","logo":{"@type":"ImageObject","inLanguage":"fr-FR","@id":"https:\/\/marinadh.com\/signalisationroutiere\/#\/schema\/logo\/image\/","url":"http:\/\/marina-signe-nov-23.local\/wp-content\/uploads\/2019\/04\/signalisation-og-images2-2.png","contentUrl":"http:\/\/marina-signe-nov-23.local\/wp-content\/uploads\/2019\/04\/signalisation-og-images2-2.png","width":1100,"height":550,"caption":"Signalisation Routi\u00e8re - La Pano'mania"},"image":{"@id":"https:\/\/marinadh.com\/signalisationroutiere\/#\/schema\/logo\/image\/"}}]}},"_links":{"self":[{"href":"https:\/\/marinadh.com\/signalisationroutiere\/wp-json\/wp\/v2\/pages\/825","targetHints":{"allow":["GET"]}}],"collection":[{"href":"https:\/\/marinadh.com\/signalisationroutiere\/wp-json\/wp\/v2\/pages"}],"about":[{"href":"https:\/\/marinadh.com\/signalisationroutiere\/wp-json\/wp\/v2\/types\/page"}],"author":[{"embeddable":true,"href":"https:\/\/marinadh.com\/signalisationroutiere\/wp-json\/wp\/v2\/users\/1"}],"replies":[{"embeddable":true,"href":"https:\/\/marinadh.com\/signalisationroutiere\/wp-json\/wp\/v2\/comments?post=825"}],"version-history":[{"count":6,"href":"https:\/\/marinadh.com\/signalisationroutiere\/wp-json\/wp\/v2\/pages\/825\/revisions"}],"predecessor-version":[{"id":4740,"href":"https:\/\/marinadh.com\/signalisationroutiere\/wp-json\/wp\/v2\/pages\/825\/revisions\/4740"}],"wp:attachment":[{"href":"https:\/\/marinadh.com\/signalisationroutiere\/wp-json\/wp\/v2\/media?parent=825"}],"curies":[{"name":"wp","href":"https:\/\/api.w.org\/{rel}","templated":true}]}}